{"id":382,"date":"2024-04-30T15:45:36","date_gmt":"2024-04-30T13:45:36","guid":{"rendered":"https:\/\/jcs-salesconsulting.de\/?page_id=382"},"modified":"2024-09-11T14:05:06","modified_gmt":"2024-09-11T12:05:06","slug":"ablauf-der-zusammenarbeit","status":"publish","type":"page","link":"https:\/\/jcs-salesconsulting.de\/en\/ablauf-der-zusammenarbeit\/","title":{"rendered":"Ablauf der Zusammenarbeit"},"content":{"rendered":"<div data-elementor-type=\"wp-page\" data-elementor-id=\"382\" class=\"elementor elementor-382\">\n\t\t\t\t<div class=\"elementor-element elementor-element-ee7f8a3 e-flex e-con-boxed e-con e-parent\" data-id=\"ee7f8a3\" data-element_type=\"container\" data-settings=\"{&quot;background_background&quot;:&quot;classic&quot;}\">\n\t\t\t\t\t<div class=\"e-con-inner\">\n\t\t\t\t<div class=\"elementor-element elementor-element-08debae elementor-widget elementor-widget-heading\" data-id=\"08debae\" data-element_type=\"widget\" data-no-translation=\"\" data-widget_type=\"heading.default\">\n\t\t\t\t<div class=\"elementor-widget-container\">\n\t\t\t\t\t<style>.elementor-element-08debae{display:none !important}<\/style>\t\t\t\t<\/div>\n\t\t\t\t<\/div>\n\t\t\t\t<div class=\"elementor-element elementor-element-cdd712c elementor-widget elementor-widget-heading\" data-id=\"cdd712c\" data-element_type=\"widget\" data-no-translation=\"\" data-widget_type=\"heading.default\">\n\t\t\t\t<div class=\"elementor-widget-container\">\n\t\t\t\t\t<h2 class=\"elementor-heading-title elementor-size-default\">Cooperation process<\/h2>\t\t\t\t<\/div>\n\t\t\t\t<\/div>\n\t\t\t\t\t<\/div>\n\t\t\t\t<\/div>\n\t\t<div class=\"elementor-element elementor-element-ad1187a e-flex e-con-boxed e-con e-parent\" data-id=\"ad1187a\" data-element_type=\"container\">\n\t\t\t\t\t<div class=\"e-con-inner\">\n\t\t<div class=\"elementor-element elementor-element-09d18df e-con-full e-flex e-con e-child\" data-id=\"09d18df\" data-element_type=\"container\">\n\t\t\t\t<div class=\"elementor-element elementor-element-e2a75f0 elementor-widget elementor-widget-ld_process_box\" data-id=\"e2a75f0\" data-element_type=\"widget\" data-no-translation=\"\" data-widget_type=\"ld_process_box.default\">\n\t\t\t\t<div class=\"elementor-widget-container\">\n\t\t\t\t\t<style>.elementor-element-e2a75f0{display:none !important}<\/style>\t\t\t\t<\/div>\n\t\t\t\t<\/div>\n\t\t\t\t<div class=\"elementor-element elementor-element-57daf08 elementor-widget elementor-widget-ld_process_box\" data-id=\"57daf08\" data-element_type=\"widget\" data-no-translation=\"\" data-widget_type=\"ld_process_box.default\">\n\t\t\t\t<div class=\"elementor-widget-container\">\n\t\t\t\t\t\n\t\t<div class=\"lqd-pb-container lqd-pb-nums lqd-pb-zigzag\">\n\t\t\t<div class=\"lqd-pb-row row flex-column\">\n\t\t\t\n\t\t\t\t\t\t\t\t\t<div class=\"lqd-pb-column col-sm-6 elementor-repeater-item-4ae2f07\">\n\t\t\t\t\t\t\t<div class=\"lqd-pb lqd-pb-style-3 lqd-pb-shaped lqd-pb-circle d-flex\">\n\t\t\t\t\t\t\t\t<div class=\"lqd-pb-in-container lqd-pb-num-container pos-rel\">\n\t\t\t\t\t\t\t\t\t<div class=\"lqd-pb-in lqd-pb-num lqd-pb-active-shape d-flex border-radius-circle pos-rel z-index-1\">\n\t\t\t\t\t\t\t\t\t\t<div class=\"lqd-pb-shape-border lqd-overlay z-index-0\">\n\t\t\t\t\t\t\t\t\t\t\t<svg class=\"lqd-overlay\" xmlns=\"http:\/\/www.w3.org\/2000\/svg\" width=\"127\" height=\"126\" viewbox=\"0 0 127 126\">\n\t\t\t\t\t\t\t\t\t\t\t\t<path fill=\"none\" stroke-dasharray=\"0 9.9\" stroke-linecap=\"round\" stroke-width=\"2.2\" d=\"M61.5,123 C95.4655121,123 123,95.4655121 123,61.5 C123,27.5344879 95.4655121,0 61.5,0 C27.5344879,0 0,27.5344879 0,61.5 C0,95.4655121 27.5344879,123 61.5,123 Z\" transform=\"translate(2 1)\"\/>\n\t\t\t\t\t\t\t\t\t\t\t<\/svg>\n\t\t\t\t\t\t\t\t\t\t<\/div>\n\t\t\t\t\t\t\t\t\t<\/div>\n\t\t\t\t\t\t\t\t<\/div>\n\t\t\t\t\t\t\t\t<div class=\"lqd-pb-content\">\n\t\t\t\t\t\t\t\t\t<h3 class=\"h5\">Listening and understanding Initial situation (analysis phase)<\/h3>\n\t\t\t\t\t\t\t\t\t<p>We start by clarifying the status quo and expectations in order to create a common understanding. We then formulate initial goals and develop a basic concept for our collaboration. Our analysis covers all key business processes, from marketing activities to lead generation and customer management. We identify weaknesses as well as your potential for improvement. Through workshops, employee interviews and data-driven analyses, I ensure a precise assessment of your sales processes.<\/p>\n\t\t\t\t\t\t\t\t<\/div>\n\t\t\t\t\t\t\t<\/div>\n\t\t\t\t\t\t<\/div>\n\t\t\t\t\t\t\t\t\t\t\t\t<div class=\"lqd-pb-column col-sm-6 elementor-repeater-item-a7ab6e1\">\n\t\t\t\t\t\t\t<div class=\"lqd-pb lqd-pb-style-3 lqd-pb-shaped lqd-pb-circle d-flex\">\n\t\t\t\t\t\t\t\t<div class=\"lqd-pb-in-container lqd-pb-num-container pos-rel\">\n\t\t\t\t\t\t\t\t\t<div class=\"lqd-pb-in lqd-pb-num lqd-pb-active-shape d-flex border-radius-circle pos-rel z-index-1\">\n\t\t\t\t\t\t\t\t\t\t<div class=\"lqd-pb-shape-border lqd-overlay z-index-0\">\n\t\t\t\t\t\t\t\t\t\t\t<svg class=\"lqd-overlay\" xmlns=\"http:\/\/www.w3.org\/2000\/svg\" width=\"127\" height=\"126\" viewbox=\"0 0 127 126\">\n\t\t\t\t\t\t\t\t\t\t\t\t<path fill=\"none\" stroke-dasharray=\"0 9.9\" stroke-linecap=\"round\" stroke-width=\"2.2\" d=\"M61.5,123 C95.4655121,123 123,95.4655121 123,61.5 C123,27.5344879 95.4655121,0 61.5,0 C27.5344879,0 0,27.5344879 0,61.5 C0,95.4655121 27.5344879,123 61.5,123 Z\" transform=\"translate(2 1)\"\/>\n\t\t\t\t\t\t\t\t\t\t\t<\/svg>\n\t\t\t\t\t\t\t\t\t\t<\/div>\n\t\t\t\t\t\t\t\t\t<\/div>\n\t\t\t\t\t\t\t\t<\/div>\n\t\t\t\t\t\t\t\t<div class=\"lqd-pb-content\">\n\t\t\t\t\t\t\t\t\t<h3 class=\"h5\">Developing a schedule (planning phase)<\/h3>\n\t\t\t\t\t\t\t\t\t<p>Based on the results of our analysis, we develop a customized roadmap. This plan operates as our roadmap and includes specific solutions to address identified weaknesses and optimize your marketing and sales processes. We set priorities, define milestones and establish a clear timeline.<\/p>\n\t\t\t\t\t\t\t\t<\/div>\n\t\t\t\t\t\t\t<\/div>\n\t\t\t\t\t\t<\/div>\n\t\t\t\t\t\t\t\t\t\t\t\t<div class=\"lqd-pb-column col-sm-6 elementor-repeater-item-1cb3f7e\">\n\t\t\t\t\t\t\t<div class=\"lqd-pb lqd-pb-style-3 lqd-pb-shaped lqd-pb-circle d-flex\">\n\t\t\t\t\t\t\t\t<div class=\"lqd-pb-in-container lqd-pb-num-container pos-rel\">\n\t\t\t\t\t\t\t\t\t<div class=\"lqd-pb-in lqd-pb-num lqd-pb-active-shape d-flex border-radius-circle pos-rel z-index-1\">\n\t\t\t\t\t\t\t\t\t\t<div class=\"lqd-pb-shape-border lqd-overlay z-index-0\">\n\t\t\t\t\t\t\t\t\t\t\t<svg class=\"lqd-overlay\" xmlns=\"http:\/\/www.w3.org\/2000\/svg\" width=\"127\" height=\"126\" viewbox=\"0 0 127 126\">\n\t\t\t\t\t\t\t\t\t\t\t\t<path fill=\"none\" stroke-dasharray=\"0 9.9\" stroke-linecap=\"round\" stroke-width=\"2.2\" d=\"M61.5,123 C95.4655121,123 123,95.4655121 123,61.5 C123,27.5344879 95.4655121,0 61.5,0 C27.5344879,0 0,27.5344879 0,61.5 C0,95.4655121 27.5344879,123 61.5,123 Z\" transform=\"translate(2 1)\"\/>\n\t\t\t\t\t\t\t\t\t\t\t<\/svg>\n\t\t\t\t\t\t\t\t\t\t<\/div>\n\t\t\t\t\t\t\t\t\t<\/div>\n\t\t\t\t\t\t\t\t<\/div>\n\t\t\t\t\t\t\t\t<div class=\"lqd-pb-content\">\n\t\t\t\t\t\t\t\t\t<h3 class=\"h5\">Implementing the planned actions (implementation phase)<\/h3>\n\t\t\t\t\t\t\t\t\t<p>We are now implementing our plan and put the developed solutions into practice. Regular work meetings help to constantly discuss challenges and coordinate the timing of the introduction of the planned measures.<\/p>\n\t\t\t\t\t\t\t\t<\/div>\n\t\t\t\t\t\t\t<\/div>\n\t\t\t\t\t\t<\/div>\n\t\t\t\t\t\t\t\t\t\t\t\t<div class=\"lqd-pb-column col-sm-6 elementor-repeater-item-3cab6d0\">\n\t\t\t\t\t\t\t<div class=\"lqd-pb lqd-pb-style-3 lqd-pb-shaped lqd-pb-circle d-flex\">\n\t\t\t\t\t\t\t\t<div class=\"lqd-pb-in-container lqd-pb-num-container pos-rel\">\n\t\t\t\t\t\t\t\t\t<div class=\"lqd-pb-in lqd-pb-num lqd-pb-active-shape d-flex border-radius-circle pos-rel z-index-1\">\n\t\t\t\t\t\t\t\t\t\t<div class=\"lqd-pb-shape-border lqd-overlay z-index-0\">\n\t\t\t\t\t\t\t\t\t\t\t<svg class=\"lqd-overlay\" xmlns=\"http:\/\/www.w3.org\/2000\/svg\" width=\"127\" height=\"126\" viewbox=\"0 0 127 126\">\n\t\t\t\t\t\t\t\t\t\t\t\t<path fill=\"none\" stroke-dasharray=\"0 9.9\" stroke-linecap=\"round\" stroke-width=\"2.2\" d=\"M61.5,123 C95.4655121,123 123,95.4655121 123,61.5 C123,27.5344879 95.4655121,0 61.5,0 C27.5344879,0 0,27.5344879 0,61.5 C0,95.4655121 27.5344879,123 61.5,123 Z\" transform=\"translate(2 1)\"\/>\n\t\t\t\t\t\t\t\t\t\t\t<\/svg>\n\t\t\t\t\t\t\t\t\t\t<\/div>\n\t\t\t\t\t\t\t\t\t<\/div>\n\t\t\t\t\t\t\t\t<\/div>\n\t\t\t\t\t\t\t\t<div class=\"lqd-pb-content\">\n\t\t\t\t\t\t\t\t\t<h3 class=\"h5\">Evaluation and adjustment of the measures implemented  (controlling phase)<\/h3>\n\t\t\t\t\t\t\t\t\t<p>Our close collaboration enables us to react quickly to feedback and new results, thus ensuring an agile project management approach. A report evaluating the effectiveness of the implemented measures also serves as the basis for any strategy adjustments.\n This continuous evaluation and adjustment process ensures that your strategy is always up to date and contributes optimally to your corporate goals.<\/p>\n\t\t\t\t\t\t\t\t<\/div>\n\t\t\t\t\t\t\t<\/div>\n\t\t\t\t\t\t<\/div>\n\t\t\t\t\t\t\n\t\t\t<\/div>\n\t\t<\/div>\n\n\t\t\t\t\t\t<\/div>\n\t\t\t\t<\/div>\n\t\t\t\t<\/div>\n\t\t\t\t\t<\/div>\n\t\t\t\t<\/div>\n\t\t\t\t<section class=\"elementor-section elementor-top-section elementor-element elementor-element-3b2f22a4 elementor-section-full_width elementor-section-height-default elementor-section-height-default\" data-id=\"3b2f22a4\" data-element_type=\"section\" data-settings=\"{&quot;background_background&quot;:&quot;classic&quot;}\">\n\t\t\t\t\t\t\t<div class=\"elementor-background-overlay\"><\/div>\n\t\t\t\t\t\t\t<div class=\"elementor-container elementor-column-gap-extended\">\n\t\t\t\t\t<div data-custom-animations=\"true\" data-ca-options=\"{&quot;addChildTimelines&quot;:false,&quot;animationTarget&quot;:&quot;:scope &gt; .elementor-widget-wrap &gt; .elementor-element &gt; .elementor-widget-container, :scope &gt; .elementor-widget-wrap &gt; .elementor-section &gt; .elementor-container &gt; .elementor-column &gt; .elementor-widget-wrap &gt; .elementor-element:not(.lqd-el-has-inner-anim) &gt; .elementor-widget-container, :scope &gt; .elementor-widget-wrap &gt; .elementor-widget-hub_fancy_heading .lqd-split-lines .lqd-lines .split-inner, :scope &gt; .elementor-widget-wrap &gt; .elementor-widget-hub_fancy_heading .lqd-split-words .lqd-words .split-inner, :scope &gt; .elementor-widget-wrap &gt; .elementor-widget-hub_fancy_heading .lqd-split-chars .lqd-chars .split-inner, :scope &gt; .elementor-widget-wrap &gt; .elementor-widget-ld_custom_menu .lqd-fancy-menu &gt; ul &gt; li&quot;,&quot;ease&quot;:[&quot;power4.out&quot;],&quot;initValues&quot;:{&quot;y&quot;:&quot;45px&quot;,&quot;rotationY&quot;:65,&quot;opacity&quot;:0},&quot;animations&quot;:{&quot;y&quot;:&quot;0px&quot;,&quot;rotationY&quot;:0,&quot;opacity&quot;:1}}\" class=\"elementor-column elementor-col-100 elementor-top-column elementor-element elementor-element-23d3aac4\" data-id=\"23d3aac4\" data-element_type=\"column\">\n\t\t\t<div class=\"elementor-widget-wrap elementor-element-populated\">\n\t\t\t\t\t\t<div class=\"elementor-element elementor-element-7b17beb0 elementor-widget elementor-widget-heading\" data-id=\"7b17beb0\" data-element_type=\"widget\" data-no-translation=\"\" data-widget_type=\"heading.default\">\n\t\t\t\t<div class=\"elementor-widget-container\">\n\t\t\t\t\t<style>.elementor-element-7b17beb0{display:none !important}<\/style>\t\t\t\t<\/div>\n\t\t\t\t<\/div>\n\t\t\t\t<div class=\"elementor-element elementor-element-28257181 elementor-widget elementor-widget-heading\" data-id=\"28257181\" data-element_type=\"widget\" data-no-translation=\"\" data-widget_type=\"heading.default\">\n\t\t\t\t<div class=\"elementor-widget-container\">\n\t\t\t\t\t<h2 class=\"elementor-heading-title elementor-size-default\">Overcoming challenges together.<\/h2>\t\t\t\t<\/div>\n\t\t\t\t<\/div>\n\t\t\t\t\t<\/div>\n\t\t<\/div>\n\t\t\t\t\t<\/div>\n\t\t<\/section>\n\t\t\t\t<section class=\"elementor-section elementor-top-section elementor-element elementor-element-6d02209 elementor-section-boxed elementor-section-height-default elementor-section-height-default\" data-id=\"6d02209\" data-element_type=\"section\" data-settings=\"{&quot;background_background&quot;:&quot;classic&quot;}\">\n\t\t\t\t\t\t<div class=\"elementor-container elementor-column-gap-extended\">\n\t\t\t\t\t<div data-custom-animations=\"true\" data-ca-options=\"{&quot;addChildTimelines&quot;:false,&quot;animationTarget&quot;:&quot;:scope &gt; .elementor-widget-wrap &gt; .elementor-element &gt; .elementor-widget-container, :scope &gt; .elementor-widget-wrap &gt; .elementor-section &gt; .elementor-container &gt; .elementor-column &gt; .elementor-widget-wrap &gt; .elementor-element:not(.lqd-el-has-inner-anim) &gt; .elementor-widget-container, :scope &gt; .elementor-widget-wrap &gt; .elementor-widget-hub_fancy_heading .lqd-split-lines .lqd-lines .split-inner, :scope &gt; .elementor-widget-wrap &gt; .elementor-widget-hub_fancy_heading .lqd-split-words .lqd-words .split-inner, :scope &gt; .elementor-widget-wrap &gt; .elementor-widget-hub_fancy_heading .lqd-split-chars .lqd-chars .split-inner, :scope &gt; .elementor-widget-wrap &gt; .elementor-widget-ld_custom_menu .lqd-fancy-menu &gt; ul &gt; li&quot;,&quot;ease&quot;:[&quot;power4.out&quot;],&quot;initValues&quot;:{&quot;y&quot;:&quot;45px&quot;,&quot;rotationY&quot;:65,&quot;opacity&quot;:0},&quot;animations&quot;:{&quot;y&quot;:&quot;0px&quot;,&quot;rotationY&quot;:0,&quot;opacity&quot;:1}}\" class=\"elementor-column elementor-col-100 elementor-top-column elementor-element elementor-element-567b2ae\" data-id=\"567b2ae\" data-element_type=\"column\">\n\t\t\t<div class=\"elementor-widget-wrap elementor-element-populated\">\n\t\t\t\t\t\t<div class=\"elementor-element elementor-element-476f46f elementor-widget elementor-widget-hub_fancy_heading\" data-id=\"476f46f\" data-element_type=\"widget\" data-widget_type=\"hub_fancy_heading.default\">\n\t\t\t\t<div class=\"elementor-widget-container\">\n\t\t\t\t\t\n\t\t<div id=\"ld-fancy-heading-6a01ced92ff81\" class=\"ld-fancy-heading pos-rel\">\n\t\t\t<p class=\"ld-fh-element d-inline-block pos-rel  lqd-highlight-classic lqd-highlight-grow-left p\"  > \t\t\t<link rel=\"stylesheet\" property=\"stylesheet\" href=\"https:\/\/jcs-salesconsulting.de\/wp-content\/plugins\/happyforms\/bundles\/css\/frontend.css\" \/>\n\t\t\t\t<!-- HappyForms CSS variables -->\n\t<style>\n\t#happyforms-257 {\n\t\t--happyforms-part-title-font-size: 16px;\n--happyforms-part-description-font-size: 12px;\n--happyforms-part-value-font-size: 16px;\n--happyforms-submit-button-font-size: 16px;\n--happyforms-color-primary: #ffffff;\n--happyforms-color-success-notice: #ebf9f0;\n--happyforms-color-success-notice-text: #1eb452;\n--happyforms-color-error: #f23000;\n--happyforms-color-error-notice: #ffeeea;\n--happyforms-color-error-notice-text: #f23000;\n--happyforms-color-part-title: #ffffff;\n--happyforms-color-part-value: #000000;\n--happyforms-color-part-placeholder: #888888;\n--happyforms-color-part-description: #454545;\n--happyforms-color-part-border: #dbdbdb;\n--happyforms-color-part-border-focus: #7aa4ff;\n--happyforms-color-part-background: #ffffff;\n--happyforms-color-part-background-focus: #ffffff;\n--happyforms-color-submit-background: #ffffff;\n--happyforms-color-submit-background-hover: #1a1939;\n--happyforms-color-submit-border: #000000;\n--happyforms-color-submit-text: #1a1939;\n--happyforms-color-submit-text-hover: #ffffff;\n--happyforms-color-table-row-odd: #fcfcfc;\n--happyforms-color-table-row-even: #efefef;\n--happyforms-color-table-row-odd-text: #000000;\n--happyforms-color-table-row-even-text: #000000;\n--happyforms-color-dropdown-item-bg: #ffffff;\n--happyforms-color-dropdown-item-text: #000000;\n--happyforms-color-dropdown-item-bg-hover: #f4f4f5;\n--happyforms-color-dropdown-item-text-hover: #000000;\n--happyforms-color-divider-hr: #cccccc;\n--happyforms-color-choice-checkmark-bg: #ffffff;\n--happyforms-color-choice-checkmark-bg-focus: #000000;\n--happyforms-color-choice-checkmark-color: #ffffff;\n\t}\n\t<\/style>\n\t<!-- End of HappyForms CSS variables -->\n\t\t<!-- HappyForms Additional CSS -->\n\t<style data-happyforms-additional-css>\n\t\t<\/style>\n\t<!-- End of HappyForms Additional CSS -->\n\t\t\t<link rel=\"stylesheet\" type=\"text\/css\" href=\"https:\/\/jcs-salesconsulting.de\/wp-content\/plugins\/happyforms\/core\/assets\/css\/no-interaction.css\">\n\t\t<div class=\"happyforms-form happyforms-styles happyforms-form--padding-wide happyforms-form--submit-button-border-radius-pill happyforms-form--submit-button-align-center\" id=\"happyforms-257\">\n\t\t\n\t<form action=\"\" id=\"happyforms-form-257\" method=\"post\" novalidate=\"true\" autocomplete=\"off\" data-trp-original-action=\"\">\n\t\t\t\t<input type=\"hidden\" name=\"happyforms_random_seed\" value=\"2236321535\" \/>\n\t\t\n\t\t\t<input type=\"hidden\" name=\"action\" value=\"happyforms_message\">\n\t\t\t\t<input type=\"hidden\" name=\"client_referer\" value=\"\">\n\t\t\t\t<input type=\"hidden\" name=\"current_post_id\" value=\"\">\n\t\t\t\t<input type=\"hidden\" name=\"happyforms_form_id\" value=\"257\" \/>\n\t\t\t\t<input type=\"hidden\" name=\"happyforms_step\" value=\"0\" \/>\n\t\n\t\t<div class=\"happyforms-flex\">\n\t\t\t\t<label for=\"257-single_line_text\" class=\"screen-reader-text\">Leave this field blank<\/label>\n\t<input type=\"text\" id=\"257-single_line_text\" name=\"257-single_line_text\" style=\"display: none;\" tabindex=\"-1\" autocomplete=\"off\" aria-hidden=\"true\">\n\t\t\t\t\t\t\t\t\t\t<div class=\"happyforms-form__part happyforms-part happyforms-part--single_line_text happyforms-part--width-full happyforms-part--label-show\" id=\"happyforms-257_single_line_text_1-part\" data-happyforms-type=\"single_line_text\" data-happyforms-id=\"single_line_text_1\" data-happyforms-required=\"\">\n\t<div class=\"happyforms-part-wrap\">\n\t\t\n\t\t\t\t\t\t<div class=\"happyforms-part__label-container\">\n\t\t\t\t<label for=\"happyforms-257_single_line_text_1\" class=\"happyforms-part__label\">\n\t\t\t<span class=\"label\">Your Name<\/span>\n\t\t\t\t\t\t\t\t\t\t<span class=\"happyforms-required\"><\/span>\n\t\t\t\t\t\t\t\t\t\t<span class=\"happyforms-optional\">(optional)<\/span>\n\t\t\t\t\t<\/label>\n\t\t\t<\/div>\n\t\t\t\n\t\t\n\t\t<div class=\"happyforms-part__el\">\n\t\t\t\n\t\t\t\n\t\t\t<div class=\"happyforms-input\">\n\t\t\t\t\n\t\t\t\t<input id=\"happyforms-257_single_line_text_1\" type=\"text\" name=\"257_single_line_text_1\" value=\"\" placeholder=\"\" autocomplete=\"off\" spellcheck=\"false\"  autocorrect=\"off\" \/>\n\t\t\t\t\t\t\t<\/div>\n\n\t\t\t\n\t\t\t\n\t\t\t\t\t<\/div>\n\t<\/div>\n<\/div>\n<div class=\"happyforms-form__part happyforms-part happyforms-part--single_line_text happyforms-part--width-full happyforms-part--label-show\" id=\"happyforms-257_single_line_text_2-part\" data-happyforms-type=\"single_line_text\" data-happyforms-id=\"single_line_text_2\" data-happyforms-required=\"\">\n\t<div class=\"happyforms-part-wrap\">\n\t\t\n\t\t\t\t\t\t<div class=\"happyforms-part__label-container\">\n\t\t\t\t<label for=\"happyforms-257_single_line_text_2\" class=\"happyforms-part__label\">\n\t\t\t<span class=\"label\">Your Company<\/span>\n\t\t\t\t\t\t\t\t\t\t<span class=\"happyforms-required\"><\/span>\n\t\t\t\t\t\t\t\t\t\t<span class=\"happyforms-optional\">(optional)<\/span>\n\t\t\t\t\t<\/label>\n\t\t\t<\/div>\n\t\t\t\n\t\t\n\t\t<div class=\"happyforms-part__el\">\n\t\t\t\n\t\t\t\n\t\t\t<div class=\"happyforms-input\">\n\t\t\t\t\n\t\t\t\t<input id=\"happyforms-257_single_line_text_2\" type=\"text\" name=\"257_single_line_text_2\" value=\"\" placeholder=\"\" autocomplete=\"off\" spellcheck=\"false\"  autocorrect=\"off\" \/>\n\t\t\t\t\t\t\t<\/div>\n\n\t\t\t\n\t\t\t\n\t\t\t\t\t<\/div>\n\t<\/div>\n<\/div>\n<div class=\"happyforms-part--with-autocomplete happyforms-form__part happyforms-part happyforms-part--email happyforms-part--width-full happyforms-part--label-show\" id=\"happyforms-257_email_3-part\" data-happyforms-type=\"email\" data-happyforms-id=\"email_3\" data-happyforms-required=\"\">\n\t\t<div class=\"happyforms-part-wrap\">\n\t\t\t\t\t\t<div class=\"happyforms-part__label-container\">\n\t\t\t\t<label for=\"happyforms-257_email_3\" class=\"happyforms-part__label\">\n\t\t\t<span class=\"label\">Your E-Mailaddress<\/span>\n\t\t\t\t\t\t\t\t\t\t<span class=\"happyforms-required\"><\/span>\n\t\t\t\t\t\t\t\t\t\t<span class=\"happyforms-optional\">(optional)<\/span>\n\t\t\t\t\t<\/label>\n\t\t\t<\/div>\n\t\t\t\n\t\t\n\t\t<div class=\"happyforms-part__el\">\n\t\t\t\n\t\t\t\n\t\t\t<div class=\"happyforms-input\">\n\t\t\t\t<input type=\"email\" name=\"257_email_3\" id=\"happyforms-257_email_3\" value=\"\" placeholder=\"\" autocomplete=\"off\" spellcheck=\"false\"  autocorrect=\"off\" \/>\n\t\t\t\t\t\t\t<\/div>\n\n\t\t\t\n\t\t\t\n\t\t\t\t\t<\/div>\n\t<\/div>\n<\/div>\n<div class=\"happyforms-form__part happyforms-part happyforms-part--single_line_text happyforms-part--width-full happyforms-part--label-show\" id=\"happyforms-257_single_line_text_4-part\" data-happyforms-type=\"single_line_text\" data-happyforms-id=\"single_line_text_4\">\n\t<div class=\"happyforms-part-wrap\">\n\t\t\n\t\t\t\t\t\t<div class=\"happyforms-part__label-container\">\n\t\t\t\t<label for=\"happyforms-257_single_line_text_4\" class=\"happyforms-part__label\">\n\t\t\t<span class=\"label\">Your Phonenumber<\/span>\n\t\t\t\t\t\t\t\t\t\t<span class=\"happyforms-required\"><\/span>\n\t\t\t\t\t\t\t\t\t\t<span class=\"happyforms-optional\">(optional)<\/span>\n\t\t\t\t\t<\/label>\n\t\t\t<\/div>\n\t\t\t\n\t\t\n\t\t<div class=\"happyforms-part__el\">\n\t\t\t\n\t\t\t\n\t\t\t<div class=\"happyforms-input\">\n\t\t\t\t\n\t\t\t\t<input id=\"happyforms-257_single_line_text_4\" type=\"text\" name=\"257_single_line_text_4\" value=\"\" placeholder=\"\" autocomplete=\"off\" spellcheck=\"false\"  autocorrect=\"off\" \/>\n\t\t\t\t\t\t\t<\/div>\n\n\t\t\t\n\t\t\t\n\t\t\t\t\t<\/div>\n\t<\/div>\n<\/div>\n\t\t\t\t\t\t<div class=\"happyforms-form__part happyforms-part happyforms-part--submit\">\n\t\t<button type=\"submit\" class=\"happyforms-submit happyforms-button--submit\">Contact<\/button>\n\t<\/div>\t\t<\/div>\n\n\t\t\t<input type=\"hidden\" name=\"trp-form-language\" value=\"en\"\/><\/form>\n\n\t<\/div>\n<\/p>\t\t<\/div>\n\n\t\t\t\t\t\t<\/div>\n\t\t\t\t<\/div>\n\t\t\t\t\t<\/div>\n\t\t<\/div>\n\t\t\t\t\t<\/div>\n\t\t<\/section>\n\t\t\t\t<\/div>","protected":false},"excerpt":{"rendered":"<p>Ablauf der Zusammenarbeit Zuh\u00f6ren und Verstehen Ausgangssituation (Analyse-Phase) Zu Beginn kl\u00e4ren wir den Status Quo und die Erwartungen, um ein gemeinsames Verst\u00e4ndnis zu schaffen. Danach formulieren wir erste Ziele und entwickeln ein Grundkonzept f\u00fcr unsere Zusammenarbeit. Unsere Analyse umfasst alle wichtigen Gesch\u00e4ftsprozesse, von Marketingaktivit\u00e4ten \u00fcber Leadgenerierung bis hin zum Kundenmanagement. Wir identifizieren Schwachstellen und Verbesserungspotenziale. [&hellip;]<\/p>","protected":false},"author":2,"featured_media":0,"parent":0,"menu_order":0,"comment_status":"closed","ping_status":"closed","template":"","meta":{"footnotes":""},"class_list":["post-382","page","type-page","status-publish","hentry"],"_links":{"self":[{"href":"https:\/\/jcs-salesconsulting.de\/en\/wp-json\/wp\/v2\/pages\/382","targetHints":{"allow":["GET"]}}],"collection":[{"href":"https:\/\/jcs-salesconsulting.de\/en\/wp-json\/wp\/v2\/pages"}],"about":[{"href":"https:\/\/jcs-salesconsulting.de\/en\/wp-json\/wp\/v2\/types\/page"}],"author":[{"embeddable":true,"href":"https:\/\/jcs-salesconsulting.de\/en\/wp-json\/wp\/v2\/users\/2"}],"replies":[{"embeddable":true,"href":"https:\/\/jcs-salesconsulting.de\/en\/wp-json\/wp\/v2\/comments?post=382"}],"version-history":[{"count":76,"href":"https:\/\/jcs-salesconsulting.de\/en\/wp-json\/wp\/v2\/pages\/382\/revisions"}],"predecessor-version":[{"id":1208,"href":"https:\/\/jcs-salesconsulting.de\/en\/wp-json\/wp\/v2\/pages\/382\/revisions\/1208"}],"wp:attachment":[{"href":"https:\/\/jcs-salesconsulting.de\/en\/wp-json\/wp\/v2\/media?parent=382"}],"curies":[{"name":"wp","href":"https:\/\/api.w.org\/{rel}","templated":true}]}}