{"id":293,"date":"2024-04-29T22:59:28","date_gmt":"2024-04-29T20:59:28","guid":{"rendered":"https:\/\/jcs-salesconsulting.de\/?page_id=293"},"modified":"2024-09-27T20:06:20","modified_gmt":"2024-09-27T18:06:20","slug":"uber-mich","status":"publish","type":"page","link":"https:\/\/jcs-salesconsulting.de\/en\/uber-mich\/","title":{"rendered":"About me"},"content":{"rendered":"<div data-elementor-type=\"wp-page\" data-elementor-id=\"293\" class=\"elementor elementor-293\">\n\t\t\t\t<div class=\"elementor-element elementor-element-ab93a35 e-con-full e-flex e-con e-parent\" data-id=\"ab93a35\" data-element_type=\"container\" data-settings=\"{&quot;background_background&quot;:&quot;classic&quot;}\">\n\t\t\t\t<\/div>\n\t\t<div class=\"elementor-element elementor-element-6140270 e-flex e-con-boxed e-con e-parent\" data-id=\"6140270\" data-element_type=\"container\">\n\t\t\t\t\t<div class=\"e-con-inner\">\n\t\t<div class=\"elementor-element elementor-element-521afcf e-con-full elementor-hidden-mobile e-flex e-con e-child\" data-id=\"521afcf\" data-element_type=\"container\">\n\t\t\t\t<div class=\"elementor-element elementor-element-e3f435a elementor-widget elementor-widget-heading\" data-id=\"e3f435a\" data-element_type=\"widget\" data-widget_type=\"heading.default\">\n\t\t\t\t<div class=\"elementor-widget-container\">\n\t\t\t\t\t<h2 class=\"elementor-heading-title elementor-size-default\">About me \n<\/h2>\t\t\t\t<\/div>\n\t\t\t\t<\/div>\n\t\t\t\t<\/div>\n\t\t<div class=\"elementor-element elementor-element-259ef43 e-con-full elementor-hidden-desktop elementor-hidden-tablet e-flex e-con e-child\" data-id=\"259ef43\" data-element_type=\"container\">\n\t\t\t\t<div class=\"elementor-element elementor-element-bdc4825 elementor-widget elementor-widget-heading\" data-id=\"bdc4825\" data-element_type=\"widget\" data-widget_type=\"heading.default\">\n\t\t\t\t<div class=\"elementor-widget-container\">\n\t\t\t\t\t<h2 class=\"elementor-heading-title elementor-size-default\">About me \n<\/h2>\t\t\t\t<\/div>\n\t\t\t\t<\/div>\n\t\t\t\t<div class=\"elementor-element elementor-element-f7de3df elementor-widget-divider--view-line elementor-widget elementor-widget-divider\" data-id=\"f7de3df\" data-element_type=\"widget\" data-widget_type=\"divider.default\">\n\t\t\t\t<div class=\"elementor-widget-container\">\n\t\t\t\t\t\t\t<div class=\"elementor-divider\">\n\t\t\t<span class=\"elementor-divider-separator\">\n\t\t\t\t\t\t<\/span>\n\t\t<\/div>\n\t\t\t\t\t\t<\/div>\n\t\t\t\t<\/div>\n\t\t\t\t<\/div>\n\t\t<div class=\"elementor-element elementor-element-58c5d45 e-con-full e-flex e-con e-child\" data-id=\"58c5d45\" data-element_type=\"container\">\n\t\t\t\t<div class=\"elementor-element elementor-element-5848694 elementor-widget elementor-widget-heading\" data-id=\"5848694\" data-element_type=\"widget\" data-widget_type=\"heading.default\">\n\t\t\t\t<div class=\"elementor-widget-container\">\n\t\t\t\t\t<h2 class=\"elementor-heading-title elementor-size-default\">Jan-Christoph Schubing<\/h2>\t\t\t\t<\/div>\n\t\t\t\t<\/div>\n\t\t\t\t<\/div>\n\t\t\t\t\t<\/div>\n\t\t\t\t<\/div>\n\t\t<div class=\"elementor-element elementor-element-26c5fe9 e-flex e-con-boxed e-con e-parent\" data-id=\"26c5fe9\" data-element_type=\"container\">\n\t\t\t\t\t<div class=\"e-con-inner\">\n\t\t<div class=\"elementor-element elementor-element-e17c55d e-con-full e-flex e-con e-child\" data-id=\"e17c55d\" data-element_type=\"container\">\n\t\t\t\t<div class=\"elementor-element elementor-element-4db108f elementor-widget elementor-widget-image\" data-id=\"4db108f\" data-element_type=\"widget\" data-widget_type=\"image.default\">\n\t\t\t\t<div class=\"elementor-widget-container\">\n\t\t\t\t\t\t\t\t\t\t\t\t\t\t\t<img fetchpriority=\"high\" decoding=\"async\" width=\"683\" height=\"1024\" src=\"https:\/\/jcs-salesconsulting.de\/wp-content\/uploads\/2024\/06\/S3A6593-683x1024.jpg\" class=\"attachment-large size-large wp-image-733\" alt=\"\" srcset=\"https:\/\/jcs-salesconsulting.de\/wp-content\/uploads\/2024\/06\/S3A6593-683x1024.jpg 683w, https:\/\/jcs-salesconsulting.de\/wp-content\/uploads\/2024\/06\/S3A6593-200x300.jpg 200w, https:\/\/jcs-salesconsulting.de\/wp-content\/uploads\/2024\/06\/S3A6593-8x12.jpg 8w, https:\/\/jcs-salesconsulting.de\/wp-content\/uploads\/2024\/06\/S3A6593.jpg 800w\" sizes=\"(max-width: 683px) 100vw, 683px\" \/>\t\t\t\t\t\t\t\t\t\t\t\t\t\t\t<\/div>\n\t\t\t\t<\/div>\n\t\t\t\t<\/div>\n\t\t<div class=\"elementor-element elementor-element-d236862 e-con-full e-flex e-con e-child\" data-id=\"d236862\" data-element_type=\"container\">\n\t\t\t\t<div class=\"elementor-element elementor-element-0669893 elementor-widget elementor-widget-hub_fancy_heading\" data-id=\"0669893\" data-element_type=\"widget\" data-no-translation=\"\" data-widget_type=\"hub_fancy_heading.default\">\n\t\t\t\t<div class=\"elementor-widget-container\">\n\t\t\t\t\t<style>.elementor-element-0669893{display:none !important}<\/style>\t\t\t\t<\/div>\n\t\t\t\t<\/div>\n\t\t\t\t<div class=\"elementor-element elementor-element-c0a627f elementor-widget elementor-widget-hub_fancy_heading\" data-id=\"c0a627f\" data-element_type=\"widget\" data-no-translation=\"\" data-widget_type=\"hub_fancy_heading.default\">\n\t\t\t\t<div class=\"elementor-widget-container\">\n\t\t\t\t\t\n\t\t<div id=\"ld-fancy-heading-6a01cece99d65\" class=\"ld-fancy-heading pos-rel\">\n\t\t\t<p class=\"ld-fh-element d-inline-block pos-rel  lqd-highlight-classic lqd-highlight-grow-left p\"  > I am Jan-Christoph Schubing, born in 1978, founder and managing director with extensive expertise in marketing and sales as well as international experience. As a graduate in business administration (FH Ludwigshafen) with focus on marketing, I have acquired in-depth knowledge in these areas and enriched it by living and working in Japan for 1.5 years.\n\nAs a married father of two children, I combine professional excellence with family values. During my studies, I was involved in the International Research Team CNB Market Engineering and as Chairman of the Board of Students of East Asia Management e.V.\n\nMy passion for sports and social commitment is reflected in my many years as head of the triathlon department at TSG Gr\u00fcnstadt. Today, as a member of the German Alpine Club, a supporter of World Vision and the German Environmental Aid Association, I am committed to social and ecological projects.\nProfessionally, I have held varied and challenging positions. Since April 2021, I have been a Managing Director and member of the Executive Board at Linunga Strategie GmbH &amp; Co KG in Altleiningen, specializing in investment management. This is where I contribute my extensive knowledge of corporate management and strategic planning.\n<\/p>\t\t<\/div>\n\n\t\t\t\t\t\t<\/div>\n\t\t\t\t<\/div>\n\t\t\t\t<\/div>\n\t\t\t\t\t<\/div>\n\t\t\t\t<\/div>\n\t\t<div class=\"elementor-element elementor-element-a2768fc e-flex e-con-boxed e-con e-parent\" data-id=\"a2768fc\" data-element_type=\"container\">\n\t\t\t\t\t<div class=\"e-con-inner\">\n\t\t\t\t<div class=\"elementor-element elementor-element-6f75c92 elementor-widget elementor-widget-hub_fancy_heading\" data-id=\"6f75c92\" data-element_type=\"widget\" data-no-translation=\"\" data-widget_type=\"hub_fancy_heading.default\">\n\t\t\t\t<div class=\"elementor-widget-container\">\n\t\t\t\t\t<style>.elementor-element-6f75c92{display:none !important}<\/style>\t\t\t\t<\/div>\n\t\t\t\t<\/div>\n\t\t\t\t<div class=\"elementor-element elementor-element-0126763 elementor-widget elementor-widget-hub_fancy_heading\" data-id=\"0126763\" data-element_type=\"widget\" data-no-translation=\"\" data-widget_type=\"hub_fancy_heading.default\">\n\t\t\t\t<div class=\"elementor-widget-container\">\n\t\t\t\t\t\n\t\t<div id=\"ld-fancy-heading-6a01cece9aa63\" class=\"ld-fancy-heading pos-rel\">\n\t\t\t<p class=\"ld-fh-element d-inline-block pos-rel  lqd-highlight-classic lqd-highlight-grow-left p\"  > Since January 2023, I have also been a Managing Director of Dramet Holding GmbH in Kleinmaischeid. Here, I contribute to a successful management by specifically expanding US and Chinese Market. <br><br>\n\nBefore 2018, I worked as a sales consultant and sales officer at DRADURA Holding GmbH, where I was responsible for setting up reporting structures in sales, managing international projects and developing sales strategies for various markets. My successes include the international rebranding and the implementation of new technical product platforms.\n<br><br>\nBefore 2018, I worked as a Key Account Manager at Drahtzug Stein, where I was in charge of the major customers in field of household appliance and furniture industry. Here I was able achieve significant increases in sales, successfully won back customers and implemented strategic price increases. I am particularly proud of the acquisition of the world's largest furniture retailer as a permanent customer.\n<br><br>\nThis experience demonstrates my ability to manage complex sales structures and lead teams internationally. You can rely on my expertise and commitment to achieve sustainable success.\n\n<\/p>\t\t<\/div>\n\n\t\t\t\t\t\t<\/div>\n\t\t\t\t<\/div>\n\t\t\t\t\t<\/div>\n\t\t\t\t<\/div>\n\t\t<div class=\"elementor-element elementor-element-4ebe8bf e-flex e-con-boxed e-con e-parent\" data-id=\"4ebe8bf\" data-element_type=\"container\" data-settings=\"{&quot;background_background&quot;:&quot;classic&quot;}\">\n\t\t\t\t\t<div class=\"e-con-inner\">\n\t\t\t\t\t<\/div>\n\t\t\t\t<\/div>\n\t\t\t\t<section class=\"elementor-section elementor-top-section elementor-element elementor-element-13673432 elementor-section-full_width elementor-section-height-default elementor-section-height-default\" data-id=\"13673432\" data-element_type=\"section\" data-settings=\"{&quot;background_background&quot;:&quot;classic&quot;}\">\n\t\t\t\t\t\t\t<div class=\"elementor-background-overlay\"><\/div>\n\t\t\t\t\t\t\t<div class=\"elementor-container elementor-column-gap-extended\">\n\t\t\t\t\t<div data-custom-animations=\"true\" data-ca-options=\"{&quot;addChildTimelines&quot;:false,&quot;animationTarget&quot;:&quot;:scope &gt; .elementor-widget-wrap &gt; .elementor-element &gt; .elementor-widget-container, :scope &gt; .elementor-widget-wrap &gt; .elementor-section &gt; .elementor-container &gt; .elementor-column &gt; .elementor-widget-wrap &gt; .elementor-element:not(.lqd-el-has-inner-anim) &gt; .elementor-widget-container, :scope &gt; .elementor-widget-wrap &gt; .elementor-widget-hub_fancy_heading .lqd-split-lines .lqd-lines .split-inner, :scope &gt; .elementor-widget-wrap &gt; .elementor-widget-hub_fancy_heading .lqd-split-words .lqd-words .split-inner, :scope &gt; .elementor-widget-wrap &gt; .elementor-widget-hub_fancy_heading .lqd-split-chars .lqd-chars .split-inner, :scope &gt; .elementor-widget-wrap &gt; .elementor-widget-ld_custom_menu .lqd-fancy-menu &gt; ul &gt; li&quot;,&quot;ease&quot;:[&quot;power4.out&quot;],&quot;initValues&quot;:{&quot;y&quot;:&quot;45px&quot;,&quot;rotationY&quot;:65,&quot;opacity&quot;:0},&quot;animations&quot;:{&quot;y&quot;:&quot;0px&quot;,&quot;rotationY&quot;:0,&quot;opacity&quot;:1}}\" class=\"elementor-column elementor-col-100 elementor-top-column elementor-element elementor-element-182e2405\" data-id=\"182e2405\" data-element_type=\"column\">\n\t\t\t<div class=\"elementor-widget-wrap elementor-element-populated\">\n\t\t\t\t\t\t<div class=\"elementor-element elementor-element-6e1600e8 elementor-widget elementor-widget-heading\" data-id=\"6e1600e8\" data-element_type=\"widget\" data-no-translation=\"\" data-widget_type=\"heading.default\">\n\t\t\t\t<div class=\"elementor-widget-container\">\n\t\t\t\t\t<style>.elementor-element-6e1600e8{display:none !important}<\/style>\t\t\t\t<\/div>\n\t\t\t\t<\/div>\n\t\t\t\t<div class=\"elementor-element elementor-element-1eb0f464 elementor-widget elementor-widget-heading\" data-id=\"1eb0f464\" data-element_type=\"widget\" data-no-translation=\"\" data-widget_type=\"heading.default\">\n\t\t\t\t<div class=\"elementor-widget-container\">\n\t\t\t\t\t<h2 class=\"elementor-heading-title elementor-size-default\">Overcoming challenges together.<\/h2>\t\t\t\t<\/div>\n\t\t\t\t<\/div>\n\t\t\t\t\t<\/div>\n\t\t<\/div>\n\t\t\t\t\t<\/div>\n\t\t<\/section>\n\t\t\t\t<section class=\"elementor-section elementor-top-section elementor-element elementor-element-f5b7a4b elementor-section-boxed elementor-section-height-default elementor-section-height-default\" data-id=\"f5b7a4b\" data-element_type=\"section\" data-settings=\"{&quot;background_background&quot;:&quot;classic&quot;}\">\n\t\t\t\t\t\t<div class=\"elementor-container elementor-column-gap-extended\">\n\t\t\t\t\t<div data-custom-animations=\"true\" data-ca-options=\"{&quot;addChildTimelines&quot;:false,&quot;animationTarget&quot;:&quot;:scope &gt; .elementor-widget-wrap &gt; .elementor-element &gt; .elementor-widget-container, :scope &gt; .elementor-widget-wrap &gt; .elementor-section &gt; .elementor-container &gt; .elementor-column &gt; .elementor-widget-wrap &gt; .elementor-element:not(.lqd-el-has-inner-anim) &gt; .elementor-widget-container, :scope &gt; .elementor-widget-wrap &gt; .elementor-widget-hub_fancy_heading .lqd-split-lines .lqd-lines .split-inner, :scope &gt; .elementor-widget-wrap &gt; .elementor-widget-hub_fancy_heading .lqd-split-words .lqd-words .split-inner, :scope &gt; .elementor-widget-wrap &gt; .elementor-widget-hub_fancy_heading .lqd-split-chars .lqd-chars .split-inner, :scope &gt; .elementor-widget-wrap &gt; .elementor-widget-ld_custom_menu .lqd-fancy-menu &gt; ul &gt; li&quot;,&quot;ease&quot;:[&quot;power4.out&quot;],&quot;initValues&quot;:{&quot;y&quot;:&quot;45px&quot;,&quot;rotationY&quot;:65,&quot;opacity&quot;:0},&quot;animations&quot;:{&quot;y&quot;:&quot;0px&quot;,&quot;rotationY&quot;:0,&quot;opacity&quot;:1}}\" class=\"elementor-column elementor-col-100 elementor-top-column elementor-element elementor-element-4d25fe6\" data-id=\"4d25fe6\" data-element_type=\"column\">\n\t\t\t<div class=\"elementor-widget-wrap elementor-element-populated\">\n\t\t\t\t\t\t<div class=\"elementor-element elementor-element-2637c93 elementor-widget elementor-widget-hub_fancy_heading\" data-id=\"2637c93\" data-element_type=\"widget\" data-widget_type=\"hub_fancy_heading.default\">\n\t\t\t\t<div class=\"elementor-widget-container\">\n\t\t\t\t\t\n\t\t<div id=\"ld-fancy-heading-6a01cece9c1ea\" class=\"ld-fancy-heading pos-rel\">\n\t\t\t<p class=\"ld-fh-element d-inline-block pos-rel  lqd-highlight-classic lqd-highlight-grow-left p\"  > \t\t\t<link rel=\"stylesheet\" property=\"stylesheet\" href=\"https:\/\/jcs-salesconsulting.de\/wp-content\/plugins\/happyforms\/bundles\/css\/frontend.css\" \/>\n\t\t\t\t<!-- HappyForms CSS variables -->\n\t<style>\n\t#happyforms-257 {\n\t\t--happyforms-part-title-font-size: 16px;\n--happyforms-part-description-font-size: 12px;\n--happyforms-part-value-font-size: 16px;\n--happyforms-submit-button-font-size: 16px;\n--happyforms-color-primary: #ffffff;\n--happyforms-color-success-notice: #ebf9f0;\n--happyforms-color-success-notice-text: #1eb452;\n--happyforms-color-error: #f23000;\n--happyforms-color-error-notice: #ffeeea;\n--happyforms-color-error-notice-text: #f23000;\n--happyforms-color-part-title: #ffffff;\n--happyforms-color-part-value: #000000;\n--happyforms-color-part-placeholder: #888888;\n--happyforms-color-part-description: #454545;\n--happyforms-color-part-border: #dbdbdb;\n--happyforms-color-part-border-focus: #7aa4ff;\n--happyforms-color-part-background: #ffffff;\n--happyforms-color-part-background-focus: #ffffff;\n--happyforms-color-submit-background: #ffffff;\n--happyforms-color-submit-background-hover: #1a1939;\n--happyforms-color-submit-border: #000000;\n--happyforms-color-submit-text: #1a1939;\n--happyforms-color-submit-text-hover: #ffffff;\n--happyforms-color-table-row-odd: #fcfcfc;\n--happyforms-color-table-row-even: #efefef;\n--happyforms-color-table-row-odd-text: #000000;\n--happyforms-color-table-row-even-text: #000000;\n--happyforms-color-dropdown-item-bg: #ffffff;\n--happyforms-color-dropdown-item-text: #000000;\n--happyforms-color-dropdown-item-bg-hover: #f4f4f5;\n--happyforms-color-dropdown-item-text-hover: #000000;\n--happyforms-color-divider-hr: #cccccc;\n--happyforms-color-choice-checkmark-bg: #ffffff;\n--happyforms-color-choice-checkmark-bg-focus: #000000;\n--happyforms-color-choice-checkmark-color: #ffffff;\n\t}\n\t<\/style>\n\t<!-- End of HappyForms CSS variables -->\n\t\t<!-- HappyForms Additional CSS -->\n\t<style data-happyforms-additional-css>\n\t\t<\/style>\n\t<!-- End of HappyForms Additional CSS -->\n\t\t\t<link rel=\"stylesheet\" type=\"text\/css\" href=\"https:\/\/jcs-salesconsulting.de\/wp-content\/plugins\/happyforms\/core\/assets\/css\/no-interaction.css\">\n\t\t<div class=\"happyforms-form happyforms-styles happyforms-form--padding-wide happyforms-form--submit-button-border-radius-pill happyforms-form--submit-button-align-center\" id=\"happyforms-257\">\n\t\t\n\t<form action=\"\" id=\"happyforms-form-257\" method=\"post\" novalidate=\"true\" autocomplete=\"off\" data-trp-original-action=\"\">\n\t\t\t\t<input type=\"hidden\" name=\"happyforms_random_seed\" value=\"3514378326\" \/>\n\t\t\n\t\t\t<input type=\"hidden\" name=\"action\" value=\"happyforms_message\">\n\t\t\t\t<input type=\"hidden\" name=\"client_referer\" value=\"\">\n\t\t\t\t<input type=\"hidden\" name=\"current_post_id\" value=\"\">\n\t\t\t\t<input type=\"hidden\" name=\"happyforms_form_id\" value=\"257\" \/>\n\t\t\t\t<input type=\"hidden\" name=\"happyforms_step\" value=\"0\" \/>\n\t\n\t\t<div class=\"happyforms-flex\">\n\t\t\t\t<label for=\"257-single_line_text\" class=\"screen-reader-text\">Leave this field blank<\/label>\n\t<input type=\"text\" id=\"257-single_line_text\" name=\"257-single_line_text\" style=\"display: none;\" tabindex=\"-1\" autocomplete=\"off\" aria-hidden=\"true\">\n\t\t\t\t\t\t\t\t\t\t<div class=\"happyforms-form__part happyforms-part happyforms-part--single_line_text happyforms-part--width-full happyforms-part--label-show\" id=\"happyforms-257_single_line_text_1-part\" data-happyforms-type=\"single_line_text\" data-happyforms-id=\"single_line_text_1\" data-happyforms-required=\"\">\n\t<div class=\"happyforms-part-wrap\">\n\t\t\n\t\t\t\t\t\t<div class=\"happyforms-part__label-container\">\n\t\t\t\t<label for=\"happyforms-257_single_line_text_1\" class=\"happyforms-part__label\">\n\t\t\t<span class=\"label\">Your Name<\/span>\n\t\t\t\t\t\t\t\t\t\t<span class=\"happyforms-required\"><\/span>\n\t\t\t\t\t\t\t\t\t\t<span class=\"happyforms-optional\">(optional)<\/span>\n\t\t\t\t\t<\/label>\n\t\t\t<\/div>\n\t\t\t\n\t\t\n\t\t<div class=\"happyforms-part__el\">\n\t\t\t\n\t\t\t\n\t\t\t<div class=\"happyforms-input\">\n\t\t\t\t\n\t\t\t\t<input id=\"happyforms-257_single_line_text_1\" type=\"text\" name=\"257_single_line_text_1\" value=\"\" placeholder=\"\" autocomplete=\"off\" spellcheck=\"false\"  autocorrect=\"off\" \/>\n\t\t\t\t\t\t\t<\/div>\n\n\t\t\t\n\t\t\t\n\t\t\t\t\t<\/div>\n\t<\/div>\n<\/div>\n<div class=\"happyforms-form__part happyforms-part happyforms-part--single_line_text happyforms-part--width-full happyforms-part--label-show\" id=\"happyforms-257_single_line_text_2-part\" data-happyforms-type=\"single_line_text\" data-happyforms-id=\"single_line_text_2\" data-happyforms-required=\"\">\n\t<div class=\"happyforms-part-wrap\">\n\t\t\n\t\t\t\t\t\t<div class=\"happyforms-part__label-container\">\n\t\t\t\t<label for=\"happyforms-257_single_line_text_2\" class=\"happyforms-part__label\">\n\t\t\t<span class=\"label\">Your Company<\/span>\n\t\t\t\t\t\t\t\t\t\t<span class=\"happyforms-required\"><\/span>\n\t\t\t\t\t\t\t\t\t\t<span class=\"happyforms-optional\">(optional)<\/span>\n\t\t\t\t\t<\/label>\n\t\t\t<\/div>\n\t\t\t\n\t\t\n\t\t<div class=\"happyforms-part__el\">\n\t\t\t\n\t\t\t\n\t\t\t<div class=\"happyforms-input\">\n\t\t\t\t\n\t\t\t\t<input id=\"happyforms-257_single_line_text_2\" type=\"text\" name=\"257_single_line_text_2\" value=\"\" placeholder=\"\" autocomplete=\"off\" spellcheck=\"false\"  autocorrect=\"off\" \/>\n\t\t\t\t\t\t\t<\/div>\n\n\t\t\t\n\t\t\t\n\t\t\t\t\t<\/div>\n\t<\/div>\n<\/div>\n<div class=\"happyforms-part--with-autocomplete happyforms-form__part happyforms-part happyforms-part--email happyforms-part--width-full happyforms-part--label-show\" id=\"happyforms-257_email_3-part\" data-happyforms-type=\"email\" data-happyforms-id=\"email_3\" data-happyforms-required=\"\">\n\t\t<div class=\"happyforms-part-wrap\">\n\t\t\t\t\t\t<div class=\"happyforms-part__label-container\">\n\t\t\t\t<label for=\"happyforms-257_email_3\" class=\"happyforms-part__label\">\n\t\t\t<span class=\"label\">Your E-Mailaddress<\/span>\n\t\t\t\t\t\t\t\t\t\t<span class=\"happyforms-required\"><\/span>\n\t\t\t\t\t\t\t\t\t\t<span class=\"happyforms-optional\">(optional)<\/span>\n\t\t\t\t\t<\/label>\n\t\t\t<\/div>\n\t\t\t\n\t\t\n\t\t<div class=\"happyforms-part__el\">\n\t\t\t\n\t\t\t\n\t\t\t<div class=\"happyforms-input\">\n\t\t\t\t<input type=\"email\" name=\"257_email_3\" id=\"happyforms-257_email_3\" value=\"\" placeholder=\"\" autocomplete=\"off\" spellcheck=\"false\"  autocorrect=\"off\" \/>\n\t\t\t\t\t\t\t<\/div>\n\n\t\t\t\n\t\t\t\n\t\t\t\t\t<\/div>\n\t<\/div>\n<\/div>\n<div class=\"happyforms-form__part happyforms-part happyforms-part--single_line_text happyforms-part--width-full happyforms-part--label-show\" id=\"happyforms-257_single_line_text_4-part\" data-happyforms-type=\"single_line_text\" data-happyforms-id=\"single_line_text_4\">\n\t<div class=\"happyforms-part-wrap\">\n\t\t\n\t\t\t\t\t\t<div class=\"happyforms-part__label-container\">\n\t\t\t\t<label for=\"happyforms-257_single_line_text_4\" class=\"happyforms-part__label\">\n\t\t\t<span class=\"label\">Your Phonenumber<\/span>\n\t\t\t\t\t\t\t\t\t\t<span class=\"happyforms-required\"><\/span>\n\t\t\t\t\t\t\t\t\t\t<span class=\"happyforms-optional\">(optional)<\/span>\n\t\t\t\t\t<\/label>\n\t\t\t<\/div>\n\t\t\t\n\t\t\n\t\t<div class=\"happyforms-part__el\">\n\t\t\t\n\t\t\t\n\t\t\t<div class=\"happyforms-input\">\n\t\t\t\t\n\t\t\t\t<input id=\"happyforms-257_single_line_text_4\" type=\"text\" name=\"257_single_line_text_4\" value=\"\" placeholder=\"\" autocomplete=\"off\" spellcheck=\"false\"  autocorrect=\"off\" \/>\n\t\t\t\t\t\t\t<\/div>\n\n\t\t\t\n\t\t\t\n\t\t\t\t\t<\/div>\n\t<\/div>\n<\/div>\n\t\t\t\t\t\t<div class=\"happyforms-form__part happyforms-part happyforms-part--submit\">\n\t\t<button type=\"submit\" class=\"happyforms-submit happyforms-button--submit\">Contact<\/button>\n\t<\/div>\t\t<\/div>\n\n\t\t\t<input type=\"hidden\" name=\"trp-form-language\" value=\"en\"\/><\/form>\n\n\t<\/div>\n<\/p>\t\t<\/div>\n\n\t\t\t\t\t\t<\/div>\n\t\t\t\t<\/div>\n\t\t\t\t\t<\/div>\n\t\t<\/div>\n\t\t\t\t\t<\/div>\n\t\t<\/section>\n\t\t\t\t<\/div>","protected":false},"excerpt":{"rendered":"<p>\u00dcber mich \u00dcber mich Jan-Christoph Schubing Ich bin Jan-Christoph Schubing, Jahrgang 1978, Gr\u00fcnder und Gesch\u00e4ftsf\u00fchrer mit umfangreicher Expertise in Marketing und Vertrieb sowie internationaler Erfahrung. Als Diplom-Betriebswirt (FH Ludwigshafen) mit Schwerpunkt Marketing habe ich tiefgehende Kenntnisse in diesen Bereichen erworben und durch 1,5 Jahre Leben und Arbeiten in Japan weiter vertieft. Als verheirateter Vater von [&hellip;]<\/p>","protected":false},"author":1,"featured_media":0,"parent":0,"menu_order":0,"comment_status":"closed","ping_status":"closed","template":"","meta":{"footnotes":""},"class_list":["post-293","page","type-page","status-publish","hentry"],"_links":{"self":[{"href":"https:\/\/jcs-salesconsulting.de\/en\/wp-json\/wp\/v2\/pages\/293","targetHints":{"allow":["GET"]}}],"collection":[{"href":"https:\/\/jcs-salesconsulting.de\/en\/wp-json\/wp\/v2\/pages"}],"about":[{"href":"https:\/\/jcs-salesconsulting.de\/en\/wp-json\/wp\/v2\/types\/page"}],"author":[{"embeddable":true,"href":"https:\/\/jcs-salesconsulting.de\/en\/wp-json\/wp\/v2\/users\/1"}],"replies":[{"embeddable":true,"href":"https:\/\/jcs-salesconsulting.de\/en\/wp-json\/wp\/v2\/comments?post=293"}],"version-history":[{"count":97,"href":"https:\/\/jcs-salesconsulting.de\/en\/wp-json\/wp\/v2\/pages\/293\/revisions"}],"predecessor-version":[{"id":1232,"href":"https:\/\/jcs-salesconsulting.de\/en\/wp-json\/wp\/v2\/pages\/293\/revisions\/1232"}],"wp:attachment":[{"href":"https:\/\/jcs-salesconsulting.de\/en\/wp-json\/wp\/v2\/media?parent=293"}],"curies":[{"name":"wp","href":"https:\/\/api.w.org\/{rel}","templated":true}]}}